{"id":6415,"date":"2024-11-27T00:31:02","date_gmt":"2024-11-27T03:31:02","guid":{"rendered":"https:\/\/tiendanifam.cl\/?post_type=product&#038;p=6415"},"modified":"2025-06-24T22:50:20","modified_gmt":"2025-06-25T01:50:20","slug":"plantas-nativas-juego-de-memoria-y-calculo","status":"publish","type":"product","link":"https:\/\/tiendanifam.cl\/en\/product\/plantas-nativas-juego-de-memoria-y-calculo\/","title":{"rendered":"Plantas Nativas, Juego de memoria y calculo"},"content":{"rendered":"<p><strong>Contenido del juego:<\/strong><\/p>\n<ul>\n<li>32 fichas de Plantas Nativas (como Tola, paja brava, yareta, etc.)<\/li>\n<li>2 dados num\u00e9ricos<\/li>\n<li>1 instrucci\u00f3n del juego<\/li>\n<\/ul>\n<p><strong>Edad recomendada:<\/strong> De 5 a 99 a\u00f1os<\/p>\n<p><strong>Cantidad de jugadores\/as:<\/strong> De 2 a 4 jugadores\/as<\/p>\n<p><strong>Duraci\u00f3n aproximada:<\/strong> 10 minutos por partida<\/p>\n<p><a style=\"display: inline-block; padding: 10px 20px; background-color: #0073aa; color: white; text-decoration: none; border-radius: 5px;\" href=\"https:\/\/tiendanifam.cl\/wp-content\/uploads\/2024\/11\/Ficha-de-orientacion-Plantas-Nativas.pdf\" target=\"_blank\" rel=\"noopener\">Descargar aqu\u00ed la Ficha de Orientaci\u00f3n Curricular<br \/>\n<\/a><\/p>","protected":false},"excerpt":{"rendered":"<p>Este juego combina habilidades de memoria, c\u00e1lculo mental y atenci\u00f3n, mientras ense\u00f1a sobre las Plantas Nativas. Es ideal para jugar en familia o en contextos educativos para aprender de manera divertida. \u00a1Espero que disfruten jugando!<\/p>\n<p>&nbsp;<\/p>","protected":false},"featured_media":6417,"comment_status":"open","ping_status":"closed","template":"","meta":{"site-sidebar-layout":"default","site-content-layout":"","ast-site-content-layout":"default","site-content-style":"default","site-sidebar-style":"default","ast-global-header-display":"","ast-banner-title-visibility":"","ast-main-header-display":"","ast-hfb-above-header-display":"","ast-hfb-below-header-display":"","ast-hfb-mobile-header-display":"","site-post-title":"","ast-breadcrumbs-content":"","ast-featured-img":"","footer-sml-layout":"","ast-disable-related-posts":"","theme-transparent-header-meta":"default","adv-header-id-meta":"","stick-header-meta":"","header-above-stick-meta":"","header-main-stick-meta":"","header-below-stick-meta":"","astra-migrate-meta-layouts":"set","ast-page-background-enabled":"default","ast-page-background-meta":{"desktop":{"background-color":"","background-image":"","background-repeat":"repeat","background-position":"center center","background-size":"auto","background-attachment":"scroll","background-type":"","background-media":"","overlay-type":"","overlay-color":"","overlay-opacity":"","overlay-gradient":""},"tablet":{"background-color":"","background-image":"","background-repeat":"repeat","background-position":"center center","background-size":"auto","background-attachment":"scroll","background-type":"","background-media":"","overlay-type":"","overlay-color":"","overlay-opacity":"","overlay-gradient":""},"mobile":{"background-color":"","background-image":"","background-repeat":"repeat","background-position":"center center","background-size":"auto","background-attachment":"scroll","background-type":"","background-media":"","overlay-type":"","overlay-color":"","overlay-opacity":"","overlay-gradient":""}},"ast-content-background-meta":{"desktop":{"background-color":"var(--ast-global-color-5)","background-image":"","background-repeat":"repeat","background-position":"center center","background-size":"auto","background-attachment":"scroll","background-type":"","background-media":"","overlay-type":"","overlay-color":"","overlay-opacity":"","overlay-gradient":""},"tablet":{"background-color":"var(--ast-global-color-5)","background-image":"","background-repeat":"repeat","background-position":"center center","background-size":"auto","background-attachment":"scroll","background-type":"","background-media":"","overlay-type":"","overlay-color":"","overlay-opacity":"","overlay-gradient":""},"mobile":{"background-color":"var(--ast-global-color-5)","background-image":"","background-repeat":"repeat","background-position":"center center","background-size":"auto","background-attachment":"scroll","background-type":"","background-media":"","overlay-type":"","overlay-color":"","overlay-opacity":"","overlay-gradient":""}}},"product_brand":[],"product_cat":[55],"product_tag":[],"class_list":{"0":"post-6415","1":"product","2":"type-product","3":"status-publish","4":"has-post-thumbnail","6":"product_cat-materiales-didacticos","7":"desktop-align-left","8":"tablet-align-left","9":"mobile-align-left","11":"first","12":"instock","13":"purchasable","14":"product-type-simple"},"_links":{"self":[{"href":"https:\/\/tiendanifam.cl\/en\/wp-json\/wp\/v2\/product\/6415","targetHints":{"allow":["GET"]}}],"collection":[{"href":"https:\/\/tiendanifam.cl\/en\/wp-json\/wp\/v2\/product"}],"about":[{"href":"https:\/\/tiendanifam.cl\/en\/wp-json\/wp\/v2\/types\/product"}],"replies":[{"embeddable":true,"href":"https:\/\/tiendanifam.cl\/en\/wp-json\/wp\/v2\/comments?post=6415"}],"wp:featuredmedia":[{"embeddable":true,"href":"https:\/\/tiendanifam.cl\/en\/wp-json\/wp\/v2\/media\/6417"}],"wp:attachment":[{"href":"https:\/\/tiendanifam.cl\/en\/wp-json\/wp\/v2\/media?parent=6415"}],"wp:term":[{"taxonomy":"product_brand","embeddable":true,"href":"https:\/\/tiendanifam.cl\/en\/wp-json\/wp\/v2\/product_brand?post=6415"},{"taxonomy":"product_cat","embeddable":true,"href":"https:\/\/tiendanifam.cl\/en\/wp-json\/wp\/v2\/product_cat?post=6415"},{"taxonomy":"product_tag","embeddable":true,"href":"https:\/\/tiendanifam.cl\/en\/wp-json\/wp\/v2\/product_tag?post=6415"}],"curies":[{"name":"wp","href":"https:\/\/api.w.org\/{rel}","templated":true}]}}