{"id":6345,"date":"2024-08-25T01:39:08","date_gmt":"2024-08-25T04:39:08","guid":{"rendered":"https:\/\/tiendanifam.cl\/?post_type=product&#038;p=6345"},"modified":"2025-06-24T22:46:43","modified_gmt":"2025-06-25T01:46:43","slug":"bingo-de-frutas-y-verduras","status":"publish","type":"product","link":"https:\/\/tiendanifam.cl\/en\/product\/bingo-de-frutas-y-verduras\/","title":{"rendered":"Bingo de Frutas y Verduras"},"content":{"rendered":"<p><strong>N\u00famero de participantes<\/strong>: de 2 a 12 personas.<\/p>\n<p><strong>Edad<\/strong>:\u00a0 de 3 a 99 a\u00f1os.<\/p>\n<p><strong>Contenido<\/strong>:<\/p>\n<p>El juego se compone de 27 fichas de frutas y verduras, 12 tableros para jugadores\/as. (con palabras en aymara)<\/p>\n<p><strong>Objetivo Pedag\u00f3gico:<\/strong><\/p>\n<p>&#8211;<strong>Colaboraci\u00f3n<\/strong>: Fomentar la colaboraci\u00f3n entre jugadores\/as, ya sea en equipos o de forma individual, para resolver desaf\u00edos relacionados con las frutas y verduras.<\/p>\n<p>&#8211;<strong>Refuerzo Positivo<\/strong>: Utilizar el refuerzo positivo, como elogios y recompensas simb\u00f3licas, para motivar a los jugadores\/as a participar activamente y aprender los nombres de frutas y verduras en lengua aymara.<\/p>\n<p><strong>-Contextualizaci\u00f3n<\/strong>: Relacionar el juego con situaciones cotidianas donde se utilizan las frutas y verduras, como en la cocina, el mercado o en la alimentaci\u00f3n diaria, para reforzar el aprendizaje de manera contextualizada.<\/p>\n<p><a style=\"display: inline-block; padding: 10px 20px; background-color: #0073aa; color: white; text-decoration: none; border-radius: 5px;\" href=\"https:\/\/tiendanifam.cl\/wp-content\/uploads\/2024\/08\/Bingo-de-frutas-y-verduras.pdf\" target=\"_blank\" rel=\"noopener\">Descargar aqu\u00ed la Ficha de Orientaci\u00f3n Curricular<br \/>\n<\/a><\/p>","protected":false},"excerpt":{"rendered":"<p><strong>Bingo de Frutas y Verduras<\/strong>:\u00a0Es una forma divertida y educativa de aprender 27 frutas y verduras. El juego promueve el conocimiento de la biodiversidad en un contexto l\u00fadico y did\u00e1ctico.<\/p>\n<p>Adem\u00e1s, conocer\u00e1s los nombres de las frutas y verduras en lengua aymara. Tiene un video para aprender la pronunciaci\u00f3n.<\/p>","protected":false},"featured_media":6403,"comment_status":"open","ping_status":"closed","template":"","meta":{"site-sidebar-layout":"default","site-content-layout":"","ast-site-content-layout":"default","site-content-style":"default","site-sidebar-style":"default","ast-global-header-display":"","ast-banner-title-visibility":"","ast-main-header-display":"","ast-hfb-above-header-display":"","ast-hfb-below-header-display":"","ast-hfb-mobile-header-display":"","site-post-title":"","ast-breadcrumbs-content":"","ast-featured-img":"","footer-sml-layout":"","ast-disable-related-posts":"","theme-transparent-header-meta":"default","adv-header-id-meta":"","stick-header-meta":"","header-above-stick-meta":"","header-main-stick-meta":"","header-below-stick-meta":"","astra-migrate-meta-layouts":"set","ast-page-background-enabled":"default","ast-page-background-meta":{"desktop":{"background-color":"","background-image":"","background-repeat":"repeat","background-position":"center center","background-size":"auto","background-attachment":"scroll","background-type":"","background-media":"","overlay-type":"","overlay-color":"","overlay-opacity":"","overlay-gradient":""},"tablet":{"background-color":"","background-image":"","background-repeat":"repeat","background-position":"center center","background-size":"auto","background-attachment":"scroll","background-type":"","background-media":"","overlay-type":"","overlay-color":"","overlay-opacity":"","overlay-gradient":""},"mobile":{"background-color":"","background-image":"","background-repeat":"repeat","background-position":"center center","background-size":"auto","background-attachment":"scroll","background-type":"","background-media":"","overlay-type":"","overlay-color":"","overlay-opacity":"","overlay-gradient":""}},"ast-content-background-meta":{"desktop":{"background-color":"var(--ast-global-color-5)","background-image":"","background-repeat":"repeat","background-position":"center center","background-size":"auto","background-attachment":"scroll","background-type":"","background-media":"","overlay-type":"","overlay-color":"","overlay-opacity":"","overlay-gradient":""},"tablet":{"background-color":"var(--ast-global-color-5)","background-image":"","background-repeat":"repeat","background-position":"center center","background-size":"auto","background-attachment":"scroll","background-type":"","background-media":"","overlay-type":"","overlay-color":"","overlay-opacity":"","overlay-gradient":""},"mobile":{"background-color":"var(--ast-global-color-5)","background-image":"","background-repeat":"repeat","background-position":"center center","background-size":"auto","background-attachment":"scroll","background-type":"","background-media":"","overlay-type":"","overlay-color":"","overlay-opacity":"","overlay-gradient":""}}},"product_brand":[],"product_cat":[55],"product_tag":[],"class_list":{"0":"post-6345","1":"product","2":"type-product","3":"status-publish","4":"has-post-thumbnail","6":"product_cat-materiales-didacticos","7":"desktop-align-left","8":"tablet-align-left","9":"mobile-align-left","11":"first","12":"instock","13":"purchasable","14":"product-type-simple"},"_links":{"self":[{"href":"https:\/\/tiendanifam.cl\/en\/wp-json\/wp\/v2\/product\/6345","targetHints":{"allow":["GET"]}}],"collection":[{"href":"https:\/\/tiendanifam.cl\/en\/wp-json\/wp\/v2\/product"}],"about":[{"href":"https:\/\/tiendanifam.cl\/en\/wp-json\/wp\/v2\/types\/product"}],"replies":[{"embeddable":true,"href":"https:\/\/tiendanifam.cl\/en\/wp-json\/wp\/v2\/comments?post=6345"}],"wp:featuredmedia":[{"embeddable":true,"href":"https:\/\/tiendanifam.cl\/en\/wp-json\/wp\/v2\/media\/6403"}],"wp:attachment":[{"href":"https:\/\/tiendanifam.cl\/en\/wp-json\/wp\/v2\/media?parent=6345"}],"wp:term":[{"taxonomy":"product_brand","embeddable":true,"href":"https:\/\/tiendanifam.cl\/en\/wp-json\/wp\/v2\/product_brand?post=6345"},{"taxonomy":"product_cat","embeddable":true,"href":"https:\/\/tiendanifam.cl\/en\/wp-json\/wp\/v2\/product_cat?post=6345"},{"taxonomy":"product_tag","embeddable":true,"href":"https:\/\/tiendanifam.cl\/en\/wp-json\/wp\/v2\/product_tag?post=6345"}],"curies":[{"name":"wp","href":"https:\/\/api.w.org\/{rel}","templated":true}]}}