{"id":6295,"date":"2024-04-15T18:19:19","date_gmt":"2024-04-15T21:19:19","guid":{"rendered":"https:\/\/tiendanifam.cl\/?post_type=product&#038;p=6295"},"modified":"2025-06-24T22:44:42","modified_gmt":"2025-06-25T01:44:42","slug":"bingo-andino-aymara","status":"publish","type":"product","link":"https:\/\/tiendanifam.cl\/en\/product\/bingo-andino-aymara\/","title":{"rendered":"Andean Bingo Aymara"},"content":{"rendered":"<p><strong>Instrucciones de uso: <\/strong><\/p>\n<p><strong>\u00a0<\/strong><strong style=\"font-size: 16px;\">\u00bfEn qu\u00e9 consiste el juego?<\/strong><\/p>\n<p>El juego Bingo Andino es un material educativo y l\u00fadico que busca iniciar a los ni\u00f1os y ni\u00f1as en el aprendizaje del vocabulario b\u00e1sico de la lengua aymara. Los animales elegidos son, dom\u00e9sticos y salvajes.<\/p>\n<ul>\n<li><strong>Antes de utilizar el material<\/strong><\/li>\n<\/ul>\n<p>La persona que utilizar\u00e1 este material (Profesor\/a, Madre-Padre, Educador\/a, etc.) debe preparar el material tanto las tarjetas del bingo como las fichas de los animales, considerando el grupo objetivo, esto la edad, cantidad, nivel escolar, etc. Este material es un recurso complementario para el aula, como apoyo para el aprendizaje y para motivar a los ni\u00f1os\/as a aprender el idioma aymara de una manera educativa, creativa y divertida.<\/p>\n<ul>\n<li><strong>Modo de uso:<\/strong><\/li>\n<\/ul>\n<p>Colocar las 27 fichas de animales en la bolsa de tela y repartir a cada jugador\/a uno o m\u00e1s tableros. Uno de los jugadores\/as debe asumir el rol de moderador\/a y responsable de ir sacando y nombrando una a una las fichas con los animales que se encuentran dentro de la bolsa de tela. Cada jugador\/a debe estar atento si aparece el animal que acaba de ser nombrado por el o la moderador\/a.<\/p>\n<p><strong>Formas de juego<\/strong>: Puede ser a cart\u00f3n lleno, esto el que complete todos los animales de su tablero. O pueden jugar en completar la l\u00ednea vertical u horizontal, como los\/as jugadores lo acuerden<\/p>\n<p><a style=\"display: inline-block; padding: 10px 20px; background-color: #0073aa; color: white; text-decoration: none; border-radius: 5px;\" href=\"https:\/\/tiendanifam.cl\/wp-content\/uploads\/2024\/04\/Bingo-Andino.pdf\" target=\"_blank\" rel=\"noopener\">Descargar aqu\u00ed la Ficha de Orientaci\u00f3n Curricular<br \/>\n<\/a><\/p>","protected":false},"excerpt":{"rendered":"<p>Es un juego educativo, divertido y l\u00fadico para ni\u00f1os, ni\u00f1as y sus familias. Con ello conocer\u00e1s 27 animales y sus nombres. (con palabras en lengua aymara).<\/p>\n<p><strong>N\u00famero de participantes<\/strong>: de 2 a 12 personas.<\/p>\n<p><strong>Edad<\/strong>: de 3 a 99 a\u00f1os.<\/p>\n<p><strong>Contenido<\/strong>:<\/p>\n<p>El juego se compone de 27 fichas de animales. (con palabras en lengua aymara), 12 tableros para jugadores\/as. Un video para aprender la pronunciaci\u00f3n de la lengua aymara.<\/p>\n<p><strong>Objetivo Pedag\u00f3gico y L\u00fadico:<\/strong><\/p>\n<p>-Aprender palabras del vocabulario de lengua aymara de manera l\u00fadica, creativa y divertida.<\/p>\n<p>-Promover la sociabilizaci\u00f3n y el juego en equipo.<\/p>","protected":false},"featured_media":6284,"comment_status":"open","ping_status":"closed","template":"","meta":{"site-sidebar-layout":"default","site-content-layout":"","ast-site-content-layout":"default","site-content-style":"default","site-sidebar-style":"default","ast-global-header-display":"","ast-banner-title-visibility":"","ast-main-header-display":"","ast-hfb-above-header-display":"","ast-hfb-below-header-display":"","ast-hfb-mobile-header-display":"","site-post-title":"","ast-breadcrumbs-content":"","ast-featured-img":"","footer-sml-layout":"","ast-disable-related-posts":"","theme-transparent-header-meta":"default","adv-header-id-meta":"","stick-header-meta":"","header-above-stick-meta":"","header-main-stick-meta":"","header-below-stick-meta":"","astra-migrate-meta-layouts":"set","ast-page-background-enabled":"default","ast-page-background-meta":{"desktop":{"background-color":"","background-image":"","background-repeat":"repeat","background-position":"center center","background-size":"auto","background-attachment":"scroll","background-type":"","background-media":"","overlay-type":"","overlay-color":"","overlay-opacity":"","overlay-gradient":""},"tablet":{"background-color":"","background-image":"","background-repeat":"repeat","background-position":"center center","background-size":"auto","background-attachment":"scroll","background-type":"","background-media":"","overlay-type":"","overlay-color":"","overlay-opacity":"","overlay-gradient":""},"mobile":{"background-color":"","background-image":"","background-repeat":"repeat","background-position":"center center","background-size":"auto","background-attachment":"scroll","background-type":"","background-media":"","overlay-type":"","overlay-color":"","overlay-opacity":"","overlay-gradient":""}},"ast-content-background-meta":{"desktop":{"background-color":"var(--ast-global-color-5)","background-image":"","background-repeat":"repeat","background-position":"center center","background-size":"auto","background-attachment":"scroll","background-type":"","background-media":"","overlay-type":"","overlay-color":"","overlay-opacity":"","overlay-gradient":""},"tablet":{"background-color":"var(--ast-global-color-5)","background-image":"","background-repeat":"repeat","background-position":"center center","background-size":"auto","background-attachment":"scroll","background-type":"","background-media":"","overlay-type":"","overlay-color":"","overlay-opacity":"","overlay-gradient":""},"mobile":{"background-color":"var(--ast-global-color-5)","background-image":"","background-repeat":"repeat","background-position":"center center","background-size":"auto","background-attachment":"scroll","background-type":"","background-media":"","overlay-type":"","overlay-color":"","overlay-opacity":"","overlay-gradient":""}}},"product_brand":[],"product_cat":[55],"product_tag":[],"class_list":{"0":"post-6295","1":"product","2":"type-product","3":"status-publish","4":"has-post-thumbnail","6":"product_cat-materiales-didacticos","7":"desktop-align-left","8":"tablet-align-left","9":"mobile-align-left","11":"first","12":"instock","13":"purchasable","14":"product-type-simple"},"_links":{"self":[{"href":"https:\/\/tiendanifam.cl\/en\/wp-json\/wp\/v2\/product\/6295","targetHints":{"allow":["GET"]}}],"collection":[{"href":"https:\/\/tiendanifam.cl\/en\/wp-json\/wp\/v2\/product"}],"about":[{"href":"https:\/\/tiendanifam.cl\/en\/wp-json\/wp\/v2\/types\/product"}],"replies":[{"embeddable":true,"href":"https:\/\/tiendanifam.cl\/en\/wp-json\/wp\/v2\/comments?post=6295"}],"wp:featuredmedia":[{"embeddable":true,"href":"https:\/\/tiendanifam.cl\/en\/wp-json\/wp\/v2\/media\/6284"}],"wp:attachment":[{"href":"https:\/\/tiendanifam.cl\/en\/wp-json\/wp\/v2\/media?parent=6295"}],"wp:term":[{"taxonomy":"product_brand","embeddable":true,"href":"https:\/\/tiendanifam.cl\/en\/wp-json\/wp\/v2\/product_brand?post=6295"},{"taxonomy":"product_cat","embeddable":true,"href":"https:\/\/tiendanifam.cl\/en\/wp-json\/wp\/v2\/product_cat?post=6295"},{"taxonomy":"product_tag","embeddable":true,"href":"https:\/\/tiendanifam.cl\/en\/wp-json\/wp\/v2\/product_tag?post=6295"}],"curies":[{"name":"wp","href":"https:\/\/api.w.org\/{rel}","templated":true}]}}