{"id":6091,"date":"2024-03-20T12:50:00","date_gmt":"2024-03-20T15:50:00","guid":{"rendered":"https:\/\/tiendanifam.cl\/?post_type=product&#038;p=6091"},"modified":"2025-06-12T23:50:19","modified_gmt":"2025-06-13T02:50:19","slug":"cuento-el-nacimiento-de-angelita","status":"publish","type":"product","link":"https:\/\/tiendanifam.cl\/en\/product\/cuento-el-nacimiento-de-angelita\/","title":{"rendered":"Cuento El Nacimiento de Angelita \/ Angelita\u00b4s birth"},"content":{"rendered":"<p>El acompa\u00f1amiento de la Partera es casi tan antiguo como la vida misma. Son estas mujeres quienes asisten y gu\u00edan a las embarazadas en el momento de recibir a su ni\u00f1o o ni\u00f1a. Ellas traen las ense\u00f1anzas, las formas de pensar y las costumbres que fueron heredadas hist\u00f3ricamente de los saberes de sus abuelas y abuelos y de sus propias madres o padres.<\/p>\n<p>Con este cuento queremos revalorar las pr\u00e1cticas vinculadas a la preservaci\u00f3n de las costumbres, de las creencias y de la tradici\u00f3n cultural, la que refleja los pilares fundamentales de los saberes ancestrales y de la cosmovisi\u00f3n andina.<\/p>\n<p><strong>Specifications:<\/strong><br \/>\nSoftcover edition, 20\u00d720 cm, coated paper, 43 pages.<\/p>\n<p><strong>ISBN:<\/strong> 978-956-416-406-9<\/p>\n<p><a style=\"display: inline-block; padding: 10px 20px; background-color: #0073aa; color: white; text-decoration: none; border-radius: 5px;\" href=\"https:\/\/tiendanifam.cl\/wp-content\/uploads\/2025\/06\/Ficha-de-orientacion-El-nacimiento-de-Angelita_R.pdf\" target=\"_blank\" rel=\"noopener\">Descargar aqu\u00ed la Ficha de Orientaci\u00f3n Curricular<br \/>\n<\/a><\/p>","protected":false},"excerpt":{"rendered":"<p><strong>El cuento \u201cEl Nacimiento de Angelita\u201d<\/strong>, relata las pr\u00e1cticas ancestrales de la medicina tradicional, desde la concepci\u00f3n, el cuidado de la mujer durante el embarazo, el momento del nacimiento y el entierro de la placenta, acciones que son parte de una tradici\u00f3n milenaria.<\/p>\n<p>Espa\u00f1ol \/ ingles. (biling\u00fce)<\/p>","protected":false},"featured_media":6286,"comment_status":"open","ping_status":"closed","template":"","meta":{"site-sidebar-layout":"default","site-content-layout":"","ast-site-content-layout":"default","site-content-style":"default","site-sidebar-style":"default","ast-global-header-display":"","ast-banner-title-visibility":"","ast-main-header-display":"","ast-hfb-above-header-display":"","ast-hfb-below-header-display":"","ast-hfb-mobile-header-display":"","site-post-title":"","ast-breadcrumbs-content":"","ast-featured-img":"","footer-sml-layout":"","ast-disable-related-posts":"","theme-transparent-header-meta":"default","adv-header-id-meta":"","stick-header-meta":"","header-above-stick-meta":"","header-main-stick-meta":"","header-below-stick-meta":"","astra-migrate-meta-layouts":"set","ast-page-background-enabled":"default","ast-page-background-meta":{"desktop":{"background-color":"","background-image":"","background-repeat":"repeat","background-position":"center center","background-size":"auto","background-attachment":"scroll","background-type":"","background-media":"","overlay-type":"","overlay-color":"","overlay-opacity":"","overlay-gradient":""},"tablet":{"background-color":"","background-image":"","background-repeat":"repeat","background-position":"center center","background-size":"auto","background-attachment":"scroll","background-type":"","background-media":"","overlay-type":"","overlay-color":"","overlay-opacity":"","overlay-gradient":""},"mobile":{"background-color":"","background-image":"","background-repeat":"repeat","background-position":"center center","background-size":"auto","background-attachment":"scroll","background-type":"","background-media":"","overlay-type":"","overlay-color":"","overlay-opacity":"","overlay-gradient":""}},"ast-content-background-meta":{"desktop":{"background-color":"var(--ast-global-color-5)","background-image":"","background-repeat":"repeat","background-position":"center center","background-size":"auto","background-attachment":"scroll","background-type":"","background-media":"","overlay-type":"","overlay-color":"","overlay-opacity":"","overlay-gradient":""},"tablet":{"background-color":"var(--ast-global-color-5)","background-image":"","background-repeat":"repeat","background-position":"center center","background-size":"auto","background-attachment":"scroll","background-type":"","background-media":"","overlay-type":"","overlay-color":"","overlay-opacity":"","overlay-gradient":""},"mobile":{"background-color":"var(--ast-global-color-5)","background-image":"","background-repeat":"repeat","background-position":"center center","background-size":"auto","background-attachment":"scroll","background-type":"","background-media":"","overlay-type":"","overlay-color":"","overlay-opacity":"","overlay-gradient":""}}},"product_brand":[],"product_cat":[54],"product_tag":[],"class_list":{"0":"post-6091","1":"product","2":"type-product","3":"status-publish","4":"has-post-thumbnail","6":"product_cat-cuentos-andinos","7":"desktop-align-left","8":"tablet-align-left","9":"mobile-align-left","11":"first","12":"instock","13":"featured","14":"taxable","15":"shipping-taxable","16":"purchasable","17":"product-type-simple"},"_links":{"self":[{"href":"https:\/\/tiendanifam.cl\/en\/wp-json\/wp\/v2\/product\/6091","targetHints":{"allow":["GET"]}}],"collection":[{"href":"https:\/\/tiendanifam.cl\/en\/wp-json\/wp\/v2\/product"}],"about":[{"href":"https:\/\/tiendanifam.cl\/en\/wp-json\/wp\/v2\/types\/product"}],"replies":[{"embeddable":true,"href":"https:\/\/tiendanifam.cl\/en\/wp-json\/wp\/v2\/comments?post=6091"}],"wp:featuredmedia":[{"embeddable":true,"href":"https:\/\/tiendanifam.cl\/en\/wp-json\/wp\/v2\/media\/6286"}],"wp:attachment":[{"href":"https:\/\/tiendanifam.cl\/en\/wp-json\/wp\/v2\/media?parent=6091"}],"wp:term":[{"taxonomy":"product_brand","embeddable":true,"href":"https:\/\/tiendanifam.cl\/en\/wp-json\/wp\/v2\/product_brand?post=6091"},{"taxonomy":"product_cat","embeddable":true,"href":"https:\/\/tiendanifam.cl\/en\/wp-json\/wp\/v2\/product_cat?post=6091"},{"taxonomy":"product_tag","embeddable":true,"href":"https:\/\/tiendanifam.cl\/en\/wp-json\/wp\/v2\/product_tag?post=6091"}],"curies":[{"name":"wp","href":"https:\/\/api.w.org\/{rel}","templated":true}]}}