{"id":6090,"date":"2024-03-20T12:49:00","date_gmt":"2024-03-20T15:49:00","guid":{"rendered":"https:\/\/tiendanifam.cl\/?post_type=product&#038;p=6090"},"modified":"2025-06-12T23:53:06","modified_gmt":"2025-06-13T02:53:06","slug":"cuento-kunturi-y-awatiri","status":"publish","type":"product","link":"https:\/\/tiendanifam.cl\/en\/product\/cuento-kunturi-y-awatiri\/","title":{"rendered":"Kunturi and Awatiri"},"content":{"rendered":"<p>Siendo un cuento tradicional, es transmitido de generaci\u00f3n en generaci\u00f3n y configura una autor\u00eda an\u00f3nima, la que se desconoce, puesto que es la misma comunidad la que le da vida y recrea cada vez que relata la historia.<\/p>\n<p>Los cuentos de tradici\u00f3n oral ofrecen una enorme riqueza cultural, ya que por medio de ellos podemos conocer las costumbres, las tradiciones y los valores ancestrales de la cosmovisi\u00f3n andina en este caso.<\/p>\n<p>En esta ocasi\u00f3n, se presenta una adaptaci\u00f3n de una hermosa narraci\u00f3n patrimonial, que ha venido viajando desde tiempos rec\u00f3nditos para encontrarse con los\/as lectores\/as y ofrecer el vuelo de esta monumental ave.<\/p>\n<p><a style=\"display: inline-block; padding: 10px 20px; background-color: #0073aa; color: white; text-decoration: none; border-radius: 5px;\" href=\"https:\/\/tiendanifam.cl\/wp-content\/uploads\/2025\/06\/Ficha-de-orientacion-Kunturi-y-Awatiri_R.pdf\" target=\"_blank\" rel=\"noopener\">Descargar aqu\u00ed la Ficha de Orientaci\u00f3n Curricular<br \/>\n<\/a><\/p>","protected":false},"excerpt":{"rendered":"<p><strong>\u201cEl c\u00f3ndor y la pastora\u201d<\/strong> es un relato proveniente del acervo cultural andino. En la actualidad, existe como letra viva al interior de las comunidades y es posible encontrar m\u00faltiples versiones de la misma narraci\u00f3n a lo largo y ancho de los pueblos del altiplano.<\/p>","protected":false},"featured_media":6134,"comment_status":"open","ping_status":"closed","template":"","meta":{"site-sidebar-layout":"default","site-content-layout":"","ast-site-content-layout":"default","site-content-style":"default","site-sidebar-style":"default","ast-global-header-display":"","ast-banner-title-visibility":"","ast-main-header-display":"","ast-hfb-above-header-display":"","ast-hfb-below-header-display":"","ast-hfb-mobile-header-display":"","site-post-title":"","ast-breadcrumbs-content":"","ast-featured-img":"","footer-sml-layout":"","ast-disable-related-posts":"","theme-transparent-header-meta":"default","adv-header-id-meta":"","stick-header-meta":"","header-above-stick-meta":"","header-main-stick-meta":"","header-below-stick-meta":"","astra-migrate-meta-layouts":"set","ast-page-background-enabled":"default","ast-page-background-meta":{"desktop":{"background-color":"","background-image":"","background-repeat":"repeat","background-position":"center center","background-size":"auto","background-attachment":"scroll","background-type":"","background-media":"","overlay-type":"","overlay-color":"","overlay-opacity":"","overlay-gradient":""},"tablet":{"background-color":"","background-image":"","background-repeat":"repeat","background-position":"center center","background-size":"auto","background-attachment":"scroll","background-type":"","background-media":"","overlay-type":"","overlay-color":"","overlay-opacity":"","overlay-gradient":""},"mobile":{"background-color":"","background-image":"","background-repeat":"repeat","background-position":"center center","background-size":"auto","background-attachment":"scroll","background-type":"","background-media":"","overlay-type":"","overlay-color":"","overlay-opacity":"","overlay-gradient":""}},"ast-content-background-meta":{"desktop":{"background-color":"var(--ast-global-color-5)","background-image":"","background-repeat":"repeat","background-position":"center center","background-size":"auto","background-attachment":"scroll","background-type":"","background-media":"","overlay-type":"","overlay-color":"","overlay-opacity":"","overlay-gradient":""},"tablet":{"background-color":"var(--ast-global-color-5)","background-image":"","background-repeat":"repeat","background-position":"center center","background-size":"auto","background-attachment":"scroll","background-type":"","background-media":"","overlay-type":"","overlay-color":"","overlay-opacity":"","overlay-gradient":""},"mobile":{"background-color":"var(--ast-global-color-5)","background-image":"","background-repeat":"repeat","background-position":"center center","background-size":"auto","background-attachment":"scroll","background-type":"","background-media":"","overlay-type":"","overlay-color":"","overlay-opacity":"","overlay-gradient":""}}},"product_brand":[],"product_cat":[54],"product_tag":[],"class_list":{"0":"post-6090","1":"product","2":"type-product","3":"status-publish","4":"has-post-thumbnail","6":"product_cat-cuentos-andinos","7":"desktop-align-left","8":"tablet-align-left","9":"mobile-align-left","11":"first","12":"instock","13":"taxable","14":"shipping-taxable","15":"purchasable","16":"product-type-simple"},"_links":{"self":[{"href":"https:\/\/tiendanifam.cl\/en\/wp-json\/wp\/v2\/product\/6090","targetHints":{"allow":["GET"]}}],"collection":[{"href":"https:\/\/tiendanifam.cl\/en\/wp-json\/wp\/v2\/product"}],"about":[{"href":"https:\/\/tiendanifam.cl\/en\/wp-json\/wp\/v2\/types\/product"}],"replies":[{"embeddable":true,"href":"https:\/\/tiendanifam.cl\/en\/wp-json\/wp\/v2\/comments?post=6090"}],"wp:featuredmedia":[{"embeddable":true,"href":"https:\/\/tiendanifam.cl\/en\/wp-json\/wp\/v2\/media\/6134"}],"wp:attachment":[{"href":"https:\/\/tiendanifam.cl\/en\/wp-json\/wp\/v2\/media?parent=6090"}],"wp:term":[{"taxonomy":"product_brand","embeddable":true,"href":"https:\/\/tiendanifam.cl\/en\/wp-json\/wp\/v2\/product_brand?post=6090"},{"taxonomy":"product_cat","embeddable":true,"href":"https:\/\/tiendanifam.cl\/en\/wp-json\/wp\/v2\/product_cat?post=6090"},{"taxonomy":"product_tag","embeddable":true,"href":"https:\/\/tiendanifam.cl\/en\/wp-json\/wp\/v2\/product_tag?post=6090"}],"curies":[{"name":"wp","href":"https:\/\/api.w.org\/{rel}","templated":true}]}}