{"id":6202,"date":"2024-03-31T21:32:36","date_gmt":"2024-04-01T00:32:36","guid":{"rendered":"https:\/\/tiendanifam.cl\/?page_id=6202"},"modified":"2024-03-31T21:39:50","modified_gmt":"2024-04-01T00:39:50","slug":"nosotras","status":"publish","type":"page","link":"https:\/\/tiendanifam.cl\/en\/nosotras\/","title":{"rendered":"NOSOTRAS"},"content":{"rendered":"<div data-elementor-type=\"wp-page\" data-elementor-id=\"6202\" class=\"elementor elementor-6202\">\n\t\t\t\t<div class=\"elementor-element elementor-element-4da53f1 e-flex e-con-boxed e-con e-parent\" data-id=\"4da53f1\" data-element_type=\"container\" data-e-type=\"container\">\n\t\t\t\t\t<div class=\"e-con-inner\">\n\t\t\t\t<div class=\"elementor-element elementor-element-8f0b905 elementor-widget elementor-widget-heading\" data-id=\"8f0b905\" data-element_type=\"widget\" data-e-type=\"widget\" data-widget_type=\"heading.default\">\n\t\t\t\t<div class=\"elementor-widget-container\">\n\t\t\t\t\t<h2 class=\"elementor-heading-title elementor-size-default\">Meet our team<\/h2>\t\t\t\t<\/div>\n\t\t\t\t<\/div>\n\t\t\t\t\t<\/div>\n\t\t\t\t<\/div>\n\t\t<div class=\"elementor-element elementor-element-fb363b0 e-flex e-con-boxed e-con e-parent\" data-id=\"fb363b0\" data-element_type=\"container\" data-e-type=\"container\">\n\t\t\t\t\t<div class=\"e-con-inner\">\n\t\t<div class=\"elementor-element elementor-element-e97a193 e-con-full e-flex e-con e-child\" data-id=\"e97a193\" data-element_type=\"container\" data-e-type=\"container\">\n\t\t\t\t<div class=\"elementor-element elementor-element-580e4c3 elementor-widget elementor-widget-image\" data-id=\"580e4c3\" data-element_type=\"widget\" data-e-type=\"widget\" data-widget_type=\"image.default\">\n\t\t\t\t<div class=\"elementor-widget-container\">\n\t\t\t\t\t\t\t\t\t\t\t\t\t\t\t<img fetchpriority=\"high\" decoding=\"async\" width=\"1024\" height=\"683\" src=\"https:\/\/tiendanifam.cl\/wp-content\/uploads\/2024\/03\/1-RETRATO-1024x683.jpg\" class=\"attachment-large size-large wp-image-5993\" alt=\"\" srcset=\"https:\/\/tiendanifam.cl\/wp-content\/uploads\/2024\/03\/1-RETRATO-1024x683.jpg 1024w, https:\/\/tiendanifam.cl\/wp-content\/uploads\/2024\/03\/1-RETRATO-600x400.jpg 600w, https:\/\/tiendanifam.cl\/wp-content\/uploads\/2024\/03\/1-RETRATO-768x512.jpg 768w, https:\/\/tiendanifam.cl\/wp-content\/uploads\/2024\/03\/1-RETRATO-1536x1024.jpg 1536w, https:\/\/tiendanifam.cl\/wp-content\/uploads\/2024\/03\/1-RETRATO-18x12.jpg 18w, https:\/\/tiendanifam.cl\/wp-content\/uploads\/2024\/03\/1-RETRATO.jpg 2048w\" sizes=\"(max-width: 1024px) 100vw, 1024px\" \/>\t\t\t\t\t\t\t\t\t\t\t\t\t\t\t<\/div>\n\t\t\t\t<\/div>\n\t\t\t\t<\/div>\n\t\t<div class=\"elementor-element elementor-element-73c022c e-con-full e-flex e-con e-child\" data-id=\"73c022c\" data-element_type=\"container\" data-e-type=\"container\">\n\t\t\t\t<div class=\"elementor-element elementor-element-8337233 elementor-widget elementor-widget-heading\" data-id=\"8337233\" data-element_type=\"widget\" data-e-type=\"widget\" data-widget_type=\"heading.default\">\n\t\t\t\t<div class=\"elementor-widget-container\">\n\t\t\t\t\t<h3 class=\"elementor-heading-title elementor-size-default\">Nidia  Faundez<\/h3>\t\t\t\t<\/div>\n\t\t\t\t<\/div>\n\t\t\t\t<div class=\"elementor-element elementor-element-2de684c elementor-widget elementor-widget-text-editor\" data-id=\"2de684c\" data-element_type=\"widget\" data-e-type=\"widget\" data-widget_type=\"text-editor.default\">\n\t\t\t\t<div class=\"elementor-widget-container\">\n\t\t\t\t\t\t\t\t\t<p>A children\u2019s book author and creator of teaching materials, Nidia channels the rich history and traditions of Arica into captivating narratives and educational tools. Her passion is sharing this land\u2019s fascinating origin story in a way that is relatable and exciting for young readers.\nEach of her books and teaching materials is a bridge into the past, an invitation to explore our roots and understand the importance of preserving and cherishing our cultural heritage.\nShe is committed to fostering curiosity and a love for history, sowing seeds of knowledge that inspire future generations and help them grow, while teaching them about Arica\u2019s wonderful traditions.<\/p>\t\t\t\t\t\t\t\t<\/div>\n\t\t\t\t<\/div>\n\t\t\t\t<\/div>\n\t\t\t\t\t<\/div>\n\t\t\t\t<\/div>\n\t\t\t\t<\/div>","protected":false},"excerpt":{"rendered":"<p>Conoce nuestro equipo Nidia Faundez Nidia como autora de libros infantiles y creadora de material did\u00e1ctico, ella se encarga de acercar la riqueza hist\u00f3rica y las tradiciones de Arica, Chile, a trav\u00e9s de narrativas cautivadoras y herramientas educativas. Su pasi\u00f3n radica en compartir la fascinante historia de los or\u00edgenes de esta tierra, present\u00e1ndola de manera [&hellip;]<\/p>\n","protected":false},"author":4,"featured_media":0,"parent":0,"menu_order":0,"comment_status":"closed","ping_status":"closed","template":"","meta":{"site-sidebar-layout":"no-sidebar","site-content-layout":"page-builder","ast-site-content-layout":"full-width-container","site-content-style":"default","site-sidebar-style":"default","ast-global-header-display":"","ast-banner-title-visibility":"","ast-main-header-display":"","ast-hfb-above-header-display":"","ast-hfb-below-header-display":"","ast-hfb-mobile-header-display":"","site-post-title":"disabled","ast-breadcrumbs-content":"","ast-featured-img":"disabled","footer-sml-layout":"","ast-disable-related-posts":"","theme-transparent-header-meta":"","adv-header-id-meta":"","stick-header-meta":"","header-above-stick-meta":"","header-main-stick-meta":"","header-below-stick-meta":"","astra-migrate-meta-layouts":"set","ast-page-background-enabled":"default","ast-page-background-meta":{"desktop":{"background-color":"","background-image":"","background-repeat":"repeat","background-position":"center center","background-size":"auto","background-attachment":"scroll","background-type":"","background-media":"","overlay-type":"","overlay-color":"","overlay-opacity":"","overlay-gradient":""},"tablet":{"background-color":"","background-image":"","background-repeat":"repeat","background-position":"center center","background-size":"auto","background-attachment":"scroll","background-type":"","background-media":"","overlay-type":"","overlay-color":"","overlay-opacity":"","overlay-gradient":""},"mobile":{"background-color":"","background-image":"","background-repeat":"repeat","background-position":"center center","background-size":"auto","background-attachment":"scroll","background-type":"","background-media":"","overlay-type":"","overlay-color":"","overlay-opacity":"","overlay-gradient":""}},"ast-content-background-meta":{"desktop":{"background-color":"var(--ast-global-color-5)","background-image":"","background-repeat":"repeat","background-position":"center center","background-size":"auto","background-attachment":"scroll","background-type":"","background-media":"","overlay-type":"","overlay-color":"","overlay-opacity":"","overlay-gradient":""},"tablet":{"background-color":"var(--ast-global-color-5)","background-image":"","background-repeat":"repeat","background-position":"center center","background-size":"auto","background-attachment":"scroll","background-type":"","background-media":"","overlay-type":"","overlay-color":"","overlay-opacity":"","overlay-gradient":""},"mobile":{"background-color":"var(--ast-global-color-5)","background-image":"","background-repeat":"repeat","background-position":"center center","background-size":"auto","background-attachment":"scroll","background-type":"","background-media":"","overlay-type":"","overlay-color":"","overlay-opacity":"","overlay-gradient":""}},"footnotes":""},"class_list":["post-6202","page","type-page","status-publish","hentry"],"_links":{"self":[{"href":"https:\/\/tiendanifam.cl\/en\/wp-json\/wp\/v2\/pages\/6202","targetHints":{"allow":["GET"]}}],"collection":[{"href":"https:\/\/tiendanifam.cl\/en\/wp-json\/wp\/v2\/pages"}],"about":[{"href":"https:\/\/tiendanifam.cl\/en\/wp-json\/wp\/v2\/types\/page"}],"author":[{"embeddable":true,"href":"https:\/\/tiendanifam.cl\/en\/wp-json\/wp\/v2\/users\/4"}],"replies":[{"embeddable":true,"href":"https:\/\/tiendanifam.cl\/en\/wp-json\/wp\/v2\/comments?post=6202"}],"version-history":[{"count":0,"href":"https:\/\/tiendanifam.cl\/en\/wp-json\/wp\/v2\/pages\/6202\/revisions"}],"wp:attachment":[{"href":"https:\/\/tiendanifam.cl\/en\/wp-json\/wp\/v2\/media?parent=6202"}],"curies":[{"name":"wp","href":"https:\/\/api.w.org\/{rel}","templated":true}]}}